{"id":18,"date":"2017-01-25T04:07:58","date_gmt":"2017-01-25T04:07:58","guid":{"rendered":"http:\/\/diamantenegromovie.com\/index.php\/homepage-1\/"},"modified":"2019-10-31T01:42:52","modified_gmt":"2019-10-31T01:42:52","slug":"home","status":"publish","type":"page","link":"https:\/\/diamantenegromovie.com\/","title":{"rendered":"Home"},"content":{"rendered":"\n\t\t<h2>\n\t\t\tWELCOME TO<\/br>\n\t\t\t\t\t\t\tDIAMANTE NEGRO\n\t\t<\/h2>\n\t\t<h2>\n\t\t\tLA PELICULA\n\t\t<\/h2>\n        <p><em><strong>Black Diamond<\/strong><\/em> is a film inspired by tropical music in New York nightclubs that leads a Latin artist to accidentally belong to the Italian mafia, which is in the sights of the American government agency, DEA. This conspiracy is full of action, music, lots of dancing and will make you laugh! GINO (Carlos Gar\u00edn) head of the Italian mafia in New York, wants to dominate the world of nightclubs in Manhattan and Latin America to be able to sell his drug more easily. Their clubs are not doing well, due to the lack of good music that can attract young people, which eloquently contrasts with the success of the QUISQUEYA Night Club which is owned by an extravagant character Nelson EL TIGRE (Tony \u201cPachuli\u201d Pascual) ). This situation leads Gino to hire a musician who fills clubs with his electrifying Caribbean rhythm, which leads him to meet his gold mine REY (Jos\u00e9 Manuel Rivera); in the meantime his Italian adversaries use a sexy YOLANDA bomb (Miguelina Olivares) to persuade the artist, whom with her seductive tricks intoxicates the artist and convinces him to sign with the competition. From there, the GINO saga begins to expand his businesses using the creation of a powerful drug that is about to revolutionize the industry worldwide.<\/p>    \n        <p><em><strong>Diamante Negro<\/strong><\/em> es una pel\u00edcula inspirada por la m\u00fasica tropical en clubes nocturnos Neoyorkinos que lleva a un artista latino a pertenecer accidentalmente a la mafia Italiana, la cual est\u00e1 a la vista de la agencia del gobierno Americano, DEA. Esta conspiraci\u00f3n est\u00e1 llena de acci\u00f3n, m\u00fasica y baile! te har\u00e1\u00a0 re\u00edr!\u00a0 GINO (Carlos Gar\u00edn) jefe de la mafia Italiana en New York, quiere dominar el mundo de los clubes nocturnos en Manhattan y en Latinoam\u00e9rica para poder vender su droga m\u00e1s f\u00e1cilmente. A sus clubes no les va bien, por la falta de buena m\u00fasica que pueda atraer a los j\u00f3venes, lo que contrasta elocuentemente con el \u00e9xito del QUISQUEYA Night Club el cual tiene como propietario a un extravagante personaje Nelson EL TIGRE (Tony \u201cPachuli\u201d Pascual). Esta situaci\u00f3n lleva a Gino a contratar un m\u00fasico que llene clubes con su electrizante ritmo caribe\u00f1o, lo que lo lleva a conocer a su mina de oro REY (Jos\u00e9 Manuel Rivera); entre tanto sus adversarios italianos utilizan una bomba sexy YOLANDA (Miguelina Olivares) para persuadir al artista, quien con sus artima\u00f1as de seducci\u00f3n lo embriaga y logra que firme con la competencia. Desde all\u00ed empieza la saga de GINO para expandir sus negocios utilizando la creaci\u00f3n de una droga poderosa que est\u00e1 a punto de revolucionar la industria a nivel mundial.<\/p>    \n\t\t\t\t\t\t\t\t\t\t<img decoding=\"async\" src=\"http:\/\/diamantenegromovie.com\/wp-content\/uploads\/2018\/04\/diamante_negro_updated-03312018.png\" alt=\"pelicula diamante negro\" itemprop=\"image\"  \/>\n","protected":false},"excerpt":{"rendered":"<p>WELCOME TO DIAMANTE NEGRO LA PELICULA Black Diamond is a film inspired by tropical music in New York nightclubs that leads a Latin artist to accidentally belong to the Italian mafia, which is in the sights of the American government agency, DEA. This conspiracy is full of action, music, lots of dancing and will make&hellip;<\/p>\n","protected":false},"author":2,"featured_media":0,"parent":0,"menu_order":0,"comment_status":"closed","ping_status":"closed","template":"","meta":[],"_links":{"self":[{"href":"https:\/\/diamantenegromovie.com\/index.php\/wp-json\/wp\/v2\/pages\/18"}],"collection":[{"href":"https:\/\/diamantenegromovie.com\/index.php\/wp-json\/wp\/v2\/pages"}],"about":[{"href":"https:\/\/diamantenegromovie.com\/index.php\/wp-json\/wp\/v2\/types\/page"}],"author":[{"embeddable":true,"href":"https:\/\/diamantenegromovie.com\/index.php\/wp-json\/wp\/v2\/users\/2"}],"replies":[{"embeddable":true,"href":"https:\/\/diamantenegromovie.com\/index.php\/wp-json\/wp\/v2\/comments?post=18"}],"version-history":[{"count":37,"href":"https:\/\/diamantenegromovie.com\/index.php\/wp-json\/wp\/v2\/pages\/18\/revisions"}],"predecessor-version":[{"id":88,"href":"https:\/\/diamantenegromovie.com\/index.php\/wp-json\/wp\/v2\/pages\/18\/revisions\/88"}],"wp:attachment":[{"href":"https:\/\/diamantenegromovie.com\/index.php\/wp-json\/wp\/v2\/media?parent=18"}],"curies":[{"name":"wp","href":"https:\/\/api.w.org\/{rel}","templated":true}]}}